{"id":217,"date":"2021-11-04T15:03:32","date_gmt":"2021-11-04T14:03:32","guid":{"rendered":"http:\/\/localhost\/presco83\/?page_id=217"},"modified":"2022-01-31T14:14:59","modified_gmt":"2022-01-31T13:14:59","slug":"cloisons","status":"publish","type":"page","link":"https:\/\/www.presco83.fr\/index.php\/cloisons\/","title":{"rendered":"Cloisons"},"content":{"rendered":"\n\n\t<p>&nbsp;<\/p>\n<p>R\u00e9alisation cloisons en plaque de pl\u00e2tre avec isolation phonique, doublage de murs int\u00e9rieurs et pose de portes int\u00e9rieures.<\/p>\n<p>Pour tout renseignements, vous pouvez contacter:<\/p>\n<p><strong>Mr Morelli 06 08 72 77 81 <\/strong><\/p>\n<p><strong>Mme Roques 06 13 91 85 10 <\/strong><\/p>\n<p>&nbsp;<\/p>\n\t\t\t\t<img loading=\"lazy\" decoding=\"async\" src=\"https:\/\/www.presco83.fr\/presco83\/wp-content\/uploads\/2021\/09\/IMG_3771-rotated.jpg\" alt=\"IMG_3771\" itemprop=\"image\" height=\"2016\" width=\"1512\" title=\"IMG_3771\" onerror=\"this.style.display='none'\"  \/>\n\n","protected":false},"excerpt":{"rendered":"<p>&nbsp; R\u00e9alisation cloisons en plaque de pl\u00e2tre avec isolation phonique, doublage de murs int\u00e9rieurs et pose de portes int\u00e9rieures. Pour tout renseignements, vous pouvez contacter: Mr Morelli 06 08 72 77 81 Mme Roques 06 13 91 85 10 &nbsp;<\/p>\n","protected":false},"author":1,"featured_media":0,"parent":0,"menu_order":0,"comment_status":"closed","ping_status":"closed","template":"","meta":{"om_disable_all_campaigns":false,"_monsterinsights_skip_tracking":false,"_monsterinsights_sitenote_active":false,"_monsterinsights_sitenote_note":"","_monsterinsights_sitenote_category":0,"footnotes":""},"class_list":["post-217","page","type-page","status-publish","hentry"],"aioseo_notices":[],"_links":{"self":[{"href":"https:\/\/www.presco83.fr\/index.php\/wp-json\/wp\/v2\/pages\/217","targetHints":{"allow":["GET"]}}],"collection":[{"href":"https:\/\/www.presco83.fr\/index.php\/wp-json\/wp\/v2\/pages"}],"about":[{"href":"https:\/\/www.presco83.fr\/index.php\/wp-json\/wp\/v2\/types\/page"}],"author":[{"embeddable":true,"href":"https:\/\/www.presco83.fr\/index.php\/wp-json\/wp\/v2\/users\/1"}],"replies":[{"embeddable":true,"href":"https:\/\/www.presco83.fr\/index.php\/wp-json\/wp\/v2\/comments?post=217"}],"version-history":[{"count":4,"href":"https:\/\/www.presco83.fr\/index.php\/wp-json\/wp\/v2\/pages\/217\/revisions"}],"predecessor-version":[{"id":268,"href":"https:\/\/www.presco83.fr\/index.php\/wp-json\/wp\/v2\/pages\/217\/revisions\/268"}],"wp:attachment":[{"href":"https:\/\/www.presco83.fr\/index.php\/wp-json\/wp\/v2\/media?parent=217"}],"curies":[{"name":"wp","href":"https:\/\/api.w.org\/{rel}","templated":true}]}}